{"id":1160,"date":"2023-11-03T06:24:30","date_gmt":"2023-11-03T06:24:30","guid":{"rendered":"https:\/\/no-pain.at\/?page_id=1160"},"modified":"2025-04-14T19:47:41","modified_gmt":"2025-04-14T19:47:41","slug":"aktuelles","status":"publish","type":"page","link":"https:\/\/no-pain.at\/?page_id=1160","title":{"rendered":"Aktuelles"},"content":{"rendered":"<p>Terminvereinbarung ausschlie\u00dflich \u00fcber Telefon: +4915115237929<\/p>\n<p>der \u00fcber Email: ordibaudet@ icloud.com<\/p>\n","protected":false},"excerpt":{"rendered":"<p>Terminvereinbarung ausschlie\u00dflich \u00fcber Telefon: +4915115237929 der \u00fcber Email: ordibaudet@ icloud.com<\/p>\n","protected":false},"author":1,"featured_media":0,"parent":0,"menu_order":0,"comment_status":"closed","ping_status":"closed","template":"","meta":{"footnotes":""},"class_list":["post-1160","page","type-page","status-publish","hentry"],"_links":{"self":[{"href":"https:\/\/no-pain.at\/index.php?rest_route=\/wp\/v2\/pages\/1160","targetHints":{"allow":["GET"]}}],"collection":[{"href":"https:\/\/no-pain.at\/index.php?rest_route=\/wp\/v2\/pages"}],"about":[{"href":"https:\/\/no-pain.at\/index.php?rest_route=\/wp\/v2\/types\/page"}],"author":[{"embeddable":true,"href":"https:\/\/no-pain.at\/index.php?rest_route=\/wp\/v2\/users\/1"}],"replies":[{"embeddable":true,"href":"https:\/\/no-pain.at\/index.php?rest_route=%2Fwp%2Fv2%2Fcomments&post=1160"}],"version-history":[{"count":8,"href":"https:\/\/no-pain.at\/index.php?rest_route=\/wp\/v2\/pages\/1160\/revisions"}],"predecessor-version":[{"id":2289,"href":"https:\/\/no-pain.at\/index.php?rest_route=\/wp\/v2\/pages\/1160\/revisions\/2289"}],"wp:attachment":[{"href":"https:\/\/no-pain.at\/index.php?rest_route=%2Fwp%2Fv2%2Fmedia&parent=1160"}],"curies":[{"name":"wp","href":"https:\/\/api.w.org\/{rel}","templated":true}]}}