{"id":246,"date":"2023-04-03T17:23:11","date_gmt":"2023-04-03T17:23:11","guid":{"rendered":"https:\/\/no-pain.at\/?page_id=246"},"modified":"2025-04-15T20:34:37","modified_gmt":"2025-04-15T20:34:37","slug":"unser-team","status":"publish","type":"page","link":"https:\/\/no-pain.at\/?page_id=246","title":{"rendered":"Wir \u00fcber uns:"},"content":{"rendered":"<h1><\/h1>\r\n<h3><strong><img loading=\"lazy\" decoding=\"async\" class=\"alignnone wp-image-1149 size-medium\" style=\"box-shadow: 5px 5px 5px #333; border-radius: 15px; margin: 20px;\" src=\"https:\/\/no-pain.at\/wp-content\/uploads\/2023\/11\/DSC_1472kor-200x300.jpeg\" alt=\"\" width=\"200\" height=\"300\" srcset=\"https:\/\/no-pain.at\/wp-content\/uploads\/2023\/11\/DSC_1472kor-200x300.jpeg 200w, https:\/\/no-pain.at\/wp-content\/uploads\/2023\/11\/DSC_1472kor.jpeg 213w\" sizes=\"auto, (max-width: 200px) 100vw, 200px\" \/>Dr.med. Kerstin Baudet<\/strong><\/h3>\r\ngeboren und aufgewachsen in Th\u00fcringen\r\n\r\nMedizinstudium und Facharztausbildung an der Universit\u00e4t Greifswald\r\n\r\nseit 1990 Fach\u00e4rztin f\u00fcr Orthop\u00e4die\r\n\r\n<strong>Bisherige T\u00e4tigkeiten als Orthop\u00e4din bzw. als Spezielle Schmerztherapeutin<\/strong>:\r\n\r\nan der Orthop\u00e4dischen Klinik der EMAU Greifswald, D\u00fcnenwaldklinik Trassenheide, in der Sch\u00f6nKlinik Bad Staffelstein, in der Praxis Dr. Kirsten M\u00f6ller Rostock, im Schmerztherapeutischen Zentrum Aachen\r\n\r\n2005 Niederlassung als Orthop\u00e4din in Bergen auf R\u00fcgen mit sp\u00e4terer Gr\u00fcndung des RUGIAMED Schmerztherapiezentrum Bergen\r\n\r\nim Zentrum f\u00fcr Mobilit\u00e4t Wien, im NO PAIN Schmerztherapiezentrum Baden bei Wien\r\n\r\n2-j\u00e4hrige Pause aus gesundheitlichen Gr\u00fcnden\r\n\r\n<strong>Zusatzbezeichnungen und Qualifikationen:<\/strong>\r\n\r\nSpezielle Schmerztherapie, Manuelle Medizin, Neuraltherapie, Sozialmedizin, interventionelle Schmerztherapie an der Wirbels\u00e4ule, Botolinumtoxinanwendung in Orthop\u00e4die und Schmerztherapie, sonographisch gest\u00fctzte Injektionen , Ausbildungen in Palliativ-und Suchtmedizin, Balneologie und medizinische Klimatologie, Physikalische Therapie\r\n\r\n<strong>Mitglied in den Schmerztherapeutischen Fachgesellschaften Deutschlands:<\/strong>\r\n\r\nDMKG, DSG, DGS, IGOST\r\n\r\n&nbsp;\r\n<h3><strong><img loading=\"lazy\" decoding=\"async\" class=\"alignnone wp-image-2297 size-medium\" style=\"box-shadow: 5px 5px 5px #333; border-radius: 15px; margin: 20px;\" src=\"https:\/\/no-pain.at\/wp-content\/uploads\/2025\/04\/DSC_1391kor-200x300.jpeg\" alt=\"\" width=\"200\" height=\"300\" srcset=\"https:\/\/no-pain.at\/wp-content\/uploads\/2025\/04\/DSC_1391kor-200x300.jpeg 200w, https:\/\/no-pain.at\/wp-content\/uploads\/2025\/04\/DSC_1391kor-683x1024.jpeg 683w, https:\/\/no-pain.at\/wp-content\/uploads\/2025\/04\/DSC_1391kor-768x1152.jpeg 768w, https:\/\/no-pain.at\/wp-content\/uploads\/2025\/04\/DSC_1391kor-1024x1536.jpeg 1024w, https:\/\/no-pain.at\/wp-content\/uploads\/2025\/04\/DSC_1391kor-1365x2048.jpeg 1365w, https:\/\/no-pain.at\/wp-content\/uploads\/2025\/04\/DSC_1391kor-scaled.jpeg 1707w\" sizes=\"auto, (max-width: 200px) 100vw, 200px\" \/>Dr.med. univ.(Wien )Francis Baudet<\/strong><\/h3>\r\nGeboren und aufgewachsen in Frankreich\r\n\r\nMedizinstudium in Wien, Fachausbildung Allgemeinmedizin, Unfallchirurgie in \u00d6sterreich\r\n\r\n<strong>Bisherige T\u00e4tigkeiten in \u00d6sterreich , Frankreich und Deutschland<\/strong> als :\r\n\r\nHausarzt, Bergrettungsarzt , Schiffsarzt, Leiter der franz\u00f6sischen Flugrettung f\u00fcr \u00d6sterreich und Gesamtdeutschland, Spezieller Schmerztherapeut, Weiterbildungsarzt, Studienarzt, Leiter des MVZ Aachen, \u00e4rztlicher Psychotherapeut, Dozent der DMKG, Mitbegr\u00fcnder des RUGIAMED Schmerztherapiezentrum Bergen auf R\u00fcgen und des NO PAIN Schmerztherapiezentrum Baden bei Wien\r\n\r\n<strong>Zusatzbezeichnungen und<\/strong>\u00a0<strong>Qualifikationen:<\/strong>\r\n\r\nPsychosomatische Medizin, Spezielle Schmerztherapie, Naturheilverfahren, Akupunktur A+B Diplom, Neuraltherapie, Manuelle Medizin, Traumatherapeut, tiefenpsychologisch-fundierte Psychotherapie, Einzel-und Gruppentherapie, EMDR, Hypnose, Suchtmedizin, Experte f\u00fcr Kopf-Gesichtsschmerz und Migr\u00e4ne der DMKG\r\n\r\n&nbsp;\r\n\r\n&nbsp;\r\n\r\n&nbsp;\r\n\r\n&nbsp;\r\n\r\n&nbsp;\r\n\r\n&nbsp;\r\n<p style=\"text-align: center;\"><\/p>","protected":false},"excerpt":{"rendered":"<p>Dr.med. Kerstin Baudet geboren und aufgewachsen in Th\u00fcringen Medizinstudium und Facharztausbildung an der Universit\u00e4t Greifswald seit 1990 Fach\u00e4rztin f\u00fcr Orthop\u00e4die Bisherige T\u00e4tigkeiten als Orthop\u00e4din bzw. als Spezielle Schmerztherapeutin: an der Orthop\u00e4dischen Klinik der EMAU Greifswald, D\u00fcnenwaldklinik Trassenheide, in der Sch\u00f6nKlinik Bad Staffelstein, in der Praxis Dr. Kirsten M\u00f6ller Rostock, im Schmerztherapeutischen Zentrum Aachen 2005 Niederlassung [&hellip;]<\/p>\n","protected":false},"author":2,"featured_media":0,"parent":0,"menu_order":0,"comment_status":"closed","ping_status":"closed","template":"","meta":{"footnotes":""},"class_list":["post-246","page","type-page","status-publish","hentry"],"_links":{"self":[{"href":"https:\/\/no-pain.at\/index.php?rest_route=\/wp\/v2\/pages\/246","targetHints":{"allow":["GET"]}}],"collection":[{"href":"https:\/\/no-pain.at\/index.php?rest_route=\/wp\/v2\/pages"}],"about":[{"href":"https:\/\/no-pain.at\/index.php?rest_route=\/wp\/v2\/types\/page"}],"author":[{"embeddable":true,"href":"https:\/\/no-pain.at\/index.php?rest_route=\/wp\/v2\/users\/2"}],"replies":[{"embeddable":true,"href":"https:\/\/no-pain.at\/index.php?rest_route=%2Fwp%2Fv2%2Fcomments&post=246"}],"version-history":[{"count":19,"href":"https:\/\/no-pain.at\/index.php?rest_route=\/wp\/v2\/pages\/246\/revisions"}],"predecessor-version":[{"id":2345,"href":"https:\/\/no-pain.at\/index.php?rest_route=\/wp\/v2\/pages\/246\/revisions\/2345"}],"wp:attachment":[{"href":"https:\/\/no-pain.at\/index.php?rest_route=%2Fwp%2Fv2%2Fmedia&parent=246"}],"curies":[{"name":"wp","href":"https:\/\/api.w.org\/{rel}","templated":true}]}}