{"id":427,"date":"2023-08-16T09:48:50","date_gmt":"2023-08-16T09:48:50","guid":{"rendered":"https:\/\/no-pain.at\/?page_id=427"},"modified":"2025-04-15T20:43:28","modified_gmt":"2025-04-15T20:43:28","slug":"ihr-erster-besuch","status":"publish","type":"page","link":"https:\/\/no-pain.at\/?page_id=427","title":{"rendered":"Was bedeutet         \u201eSpezielle Schmerztherapie\u201c?"},"content":{"rendered":"Die Spezielle Schmerztherapie entwickelte sich aus dem Wissen heraus, dass nach lang bestehendem Schmerz eine Chronifizierung eintritt, die den Schmerz zu einer eigenst\u00e4ndigen Erkrankung werden l\u00e4sst. Die Therapie besteht nun nicht mehr nur aus einer Schmerztablette oder \u00c4hnlichem, sondern aus der Behandlung von \u201eLeib und Seele\u201c. Daf\u00fcr absolvierten wir verschiedene Ausbildungen, die dieser Behandlung dienen.\r\n\r\nEinen gro\u00dfen Anteil bildet das Gespr\u00e4ch \u00fcber die Schmerzen, um diese von allen Seiten mit ihren Begleitbeschwerden und Gesundheitsst\u00f6rungen zu erfassen.\r\n\r\nDanach entscheiden wir mit Ihnen zusammen, welche Therapie im Vordergrund steht.\r\n\r\nSo gibt es in der Psychotherapie Verfahren, die eine alte seelische Wunde, welche die Betroffenen daran hindert gegen die psychische Ursache des \u00a0Schmerzes \u00a0zu k\u00e4mpfen, behandeln k\u00f6nnen.\r\n\r\nDie Therapien der k\u00f6rperlichen Seite, hat ein chronisch schmerzkranker Mensch schon in vielen verschiedenen Arten versucht und so m\u00f6chten wir nicht alles wiederholen, sondern nach der optimalen Behandlung individuell suchen, denn kein K\u00f6rper gleicht dem anderen.\r\n\r\nWir fangen oft da an, wo Andere \u00a0bereits aufgegeben haben.","protected":false},"excerpt":{"rendered":"<p>Die Spezielle Schmerztherapie entwickelte sich aus dem Wissen heraus, dass nach lang bestehendem Schmerz eine Chronifizierung eintritt, die den Schmerz zu einer eigenst\u00e4ndigen Erkrankung werden l\u00e4sst. Die Therapie besteht nun nicht mehr nur aus einer Schmerztablette oder \u00c4hnlichem, sondern aus der Behandlung von \u201eLeib und Seele\u201c. Daf\u00fcr absolvierten wir verschiedene Ausbildungen, die dieser Behandlung dienen. [&hellip;]<\/p>\n","protected":false},"author":1,"featured_media":0,"parent":0,"menu_order":0,"comment_status":"closed","ping_status":"closed","template":"","meta":{"footnotes":""},"class_list":["post-427","page","type-page","status-publish","hentry"],"_links":{"self":[{"href":"https:\/\/no-pain.at\/index.php?rest_route=\/wp\/v2\/pages\/427","targetHints":{"allow":["GET"]}}],"collection":[{"href":"https:\/\/no-pain.at\/index.php?rest_route=\/wp\/v2\/pages"}],"about":[{"href":"https:\/\/no-pain.at\/index.php?rest_route=\/wp\/v2\/types\/page"}],"author":[{"embeddable":true,"href":"https:\/\/no-pain.at\/index.php?rest_route=\/wp\/v2\/users\/1"}],"replies":[{"embeddable":true,"href":"https:\/\/no-pain.at\/index.php?rest_route=%2Fwp%2Fv2%2Fcomments&post=427"}],"version-history":[{"count":10,"href":"https:\/\/no-pain.at\/index.php?rest_route=\/wp\/v2\/pages\/427\/revisions"}],"predecessor-version":[{"id":2348,"href":"https:\/\/no-pain.at\/index.php?rest_route=\/wp\/v2\/pages\/427\/revisions\/2348"}],"wp:attachment":[{"href":"https:\/\/no-pain.at\/index.php?rest_route=%2Fwp%2Fv2%2Fmedia&parent=427"}],"curies":[{"name":"wp","href":"https:\/\/api.w.org\/{rel}","templated":true}]}}