{"id":44,"date":"2023-02-01T16:01:54","date_gmt":"2023-02-01T16:01:54","guid":{"rendered":"https:\/\/no-pain.at\/?page_id=44"},"modified":"2025-04-15T18:51:31","modified_gmt":"2025-04-15T18:51:31","slug":"brite","status":"publish","type":"page","link":"https:\/\/no-pain.at\/","title":{"rendered":"Front Page"},"content":{"rendered":"<div data-colibri-id=\"44-c1\" class=\"style-186 style-local-44-c1 position-relative\">\n  <!---->\n  <div data-colibri-component=\"section\" data-colibri-id=\"44-c2\" id=\"custom\" class=\"h-section h-section-global-spacing d-flex align-items-lg-center align-items-md-center align-items-center style-366 style-local-44-c2 position-relative\">\n    <!---->\n    <!---->\n    <div class=\"h-section-grid-container h-section-boxed-container\">\n      <!---->\n      <div data-colibri-id=\"44-c3\" class=\"h-row-container gutters-row-lg-2 gutters-row-md-2 gutters-row-0 gutters-row-v-lg-2 gutters-row-v-md-2 gutters-row-v-2 style-384 style-local-44-c3 position-relative\">\n        <!---->\n        <div class=\"h-row justify-content-lg-center justify-content-md-center justify-content-center align-items-lg-stretch align-items-md-stretch align-items-stretch gutters-col-lg-2 gutters-col-md-2 gutters-col-0 gutters-col-v-lg-2 gutters-col-v-md-2 gutters-col-v-2\">\n          <!---->\n          <div class=\"h-column h-column-container d-flex h-col-lg-auto h-col-md-auto h-col-auto style-385-outer style-local-44-c4-outer\">\n            <div data-colibri-id=\"44-c4\" class=\"d-flex h-flex-basis h-column__inner h-ui-empty-state-container h-px-lg-2 h-px-md-2 h-px-2 v-inner-lg-2 v-inner-md-2 v-inner-2 style-385 style-local-44-c4 position-relative\">\n              <!---->\n              <!---->\n              <div class=\"w-100 h-y-container h-column__content h-column__v-align flex-basis-100\">\n                <!---->\n              <\/div>\n            <\/div>\n          <\/div>\n        <\/div>\n      <\/div>\n    <\/div>\n  <\/div>\n  <div data-colibri-component=\"section\" data-colibri-id=\"44-c9\" id=\"custom-2\" class=\"h-section h-section-global-spacing d-flex align-items-lg-center align-items-md-center align-items-center style-370 style-local-44-c9 position-relative\">\n    <!---->\n    <!---->\n    <div class=\"h-section-grid-container h-section-boxed-container\">\n      <!---->\n      <div data-colibri-id=\"44-c10\" class=\"h-row-container gutters-row-lg-2 gutters-row-md-2 gutters-row-0 gutters-row-v-lg-2 gutters-row-v-md-2 gutters-row-v-2 style-371 style-local-44-c10 position-relative\">\n        <!---->\n        <div class=\"h-row justify-content-lg-center justify-content-md-center justify-content-center align-items-lg-stretch align-items-md-stretch align-items-stretch gutters-col-lg-2 gutters-col-md-2 gutters-col-0 gutters-col-v-lg-2 gutters-col-v-md-2 gutters-col-v-2\">\n          <!---->\n          <div class=\"h-column h-column-container d-flex h-col-lg-auto h-col-md-auto h-col-auto style-372-outer style-local-44-c11-outer\">\n            <div data-colibri-id=\"44-c11\" class=\"d-flex h-flex-basis h-column__inner h-px-lg-2 h-px-md-2 h-px-2 v-inner-lg-2 v-inner-md-2 v-inner-2 style-372 style-local-44-c11 position-relative\">\n              <!---->\n              <!---->\n              <div class=\"w-100 h-y-container h-column__content h-column__v-align flex-basis-100 align-self-lg-start align-self-md-start align-self-start\">\n                <!---->\n                <div data-colibri-id=\"44-c12\" class=\"h-text h-text-component style-374 style-local-44-c12 position-relative h-element\">\n                  <!---->\n                  <!---->\n                  <div class=\"\">\n                    <p><strong style=\"font-family: arial, helvetica, sans-serif;\">Herzlich Willkommen auf der Homepage der No-Pain<\/strong>\n                      <br><span style=\"font-weight: 700;\">&nbsp;Privatpraxis f\u00fcr Schmerz- und Psychotherapie<\/span><\/p>\n                  <\/div>\n                <\/div>\n                <div data-colibri-id=\"44-c13\" class=\"d-block style-738 style-local-44-c13 position-relative h-element\">\n                  <!---->\n                  <div class=\"h-image__frame-container-outer\">\n                    <div class=\"h-image__frame-container\">\n                      <!---->\n                      <!---->\n                      <img loading=\"lazy\" decoding=\"async\" width=\"253\" height=\"146\" src=\"https:\/\/no-pain.at\/wp-content\/uploads\/2023\/11\/cropped-cropped-DSC_1436kor.jpeg\" class=\"wp-image-2264 style-738-image style-local-44-c13-image\" alt=\"\" \/>\n                      <div class=\"h-image__frame h-hide-lg h-hide-md h-hide-sm style-738-frameImage style-local-44-c13-frameImage\"><\/div>\n                    <\/div>\n                  <\/div>\n                <\/div>\n                <div data-colibri-id=\"44-c14\" class=\"h-text h-text-component style-737 style-local-44-c14 position-relative h-element\">\n                  <!---->\n                  <!---->\n                  <div class=\"\">\n                    <p><span style=\"font-family: &quot;Alfa Slab One&quot;; color: rgb(207, 18, 18);\">Chronische Schmerzen<\/span><span style=\"font-family: &quot;Alfa Slab One&quot;;\">&nbsp;<\/span><span style=\"font-family: arial, helvetica, sans-serif;\">stellen f\u00fcr einen sehr gro\u00dfen Teil der<\/span>\n                      <br><span style=\"font-family: arial, helvetica, sans-serif;\">Bev\u00f6lkerung eine komplette Ver\u00e4nderung ihrer<\/span>\n                      <br><span style=\"font-family: arial, helvetica, sans-serif;\">Lebenssituation dar. Nach &#8222;nur&#8220; 3 Monaten ineffektiver<\/span>\n                      <br><span style=\"font-family: arial, helvetica, sans-serif;\">Behandlung chronifizieren Schmerzen und<\/span>\n                      <br><span style=\"font-family: arial, helvetica, sans-serif;\">beeinflussen nicht nur den K\u00f6rper sondern auch die Psyche<\/span>\n                      <br><span style=\"font-family: arial, helvetica, sans-serif;\">(Emotionen, die Pers\u00f6nlichkeit\u2026), das soziale Leben mit<\/span>\n                      <br><span style=\"font-family: arial, helvetica, sans-serif;\">beruflichem Umfeld, Freunden und nicht zuletzt der Familie wird auf den Kopf gestellt.&nbsp;<\/span><\/p>\n                    <p><span style=\"font-family: arial, helvetica, sans-serif;\">Den Komplex der Lebensver\u00e4nderungen im sogenannten Bio-<\/span>\n                      <br><span style=\"font-family: arial, helvetica, sans-serif;\">Psycho-Sozialen Bereich m\u00f6chten wir positiv beeinflussen,<\/span>\n                      <br><span style=\"font-family: arial, helvetica, sans-serif;\">um wieder Lebensqualit\u00e4t bei unseren Patientinnen und<\/span>\n                      <br><span style=\"font-family: arial, helvetica, sans-serif;\">Patienten zu erzielen.<\/span><\/p>\n                    <p><em>\ufeff\u201eUnser Ziel ist es nicht nur den physischen Schmerz im K\u00f6rper zu lindern, sondern auch das angelegte Schmerzged\u00e4chtnis r\u00fcckg\u00e4ngig zu machen.\u201c<\/em><\/p>\n                    <p>\n                      <br>\n                    <\/p>\n                  <\/div>\n                <\/div>\n              <\/div>\n            <\/div>\n          <\/div>\n          <div class=\"h-column h-column-container d-flex h-col-lg-auto h-col-md-auto h-col-auto style-373-outer style-local-44-c15-outer\">\n            <div data-colibri-id=\"44-c15\" class=\"d-flex h-flex-basis h-column__inner h-px-lg-2 h-px-md-2 h-px-2 v-inner-lg-2 v-inner-md-2 v-inner-2 style-373 style-local-44-c15 position-relative\">\n              <!---->\n              <!---->\n              <div class=\"w-100 h-y-container h-column__content h-column__v-align flex-basis-100 align-self-lg-start align-self-md-start align-self-start\">\n                <!---->\n                <div data-colibri-id=\"44-c16\" class=\"h-x-container style-376 style-local-44-c16 position-relative h-element\">\n                  <!---->\n                  <div class=\"h-x-container-inner style-dynamic-44-c16-group style-376-spacing style-local-44-c16-spacing\"><span class=\"h-button__outer style-377-outer style-local-44-c17-outer d-inline-flex h-element\"><a h-use-smooth-scroll=\"true\" href=\"\"  data-colibri-id=\"44-c17\" class=\"d-flex w-100 align-items-center h-button justify-content-lg-center justify-content-md-center justify-content-center style-377 style-local-44-c17 position-relative\"><!----><!----> <span>&#8222;Mehr Lebensqualit\u00e4t durch die richtige Behandlung&#8220;<\/span><\/a>\n                    <\/span>\n                  <\/div>\n                <\/div>\n              <\/div>\n            <\/div>\n          <\/div>\n        <\/div>\n      <\/div>\n    <\/div>\n  <\/div>\n<\/div>","protected":false},"excerpt":{"rendered":"<p>Herzlich Willkommen auf der Homepage der No-Pain &nbsp;Privatpraxis f\u00fcr Schmerz- und Psychotherapie Chronische Schmerzen&nbsp;stellen f\u00fcr einen sehr gro\u00dfen Teil der Bev\u00f6lkerung eine komplette Ver\u00e4nderung ihrer Lebenssituation dar. Nach &#8222;nur&#8220; 3 Monaten ineffektiver Behandlung chronifizieren Schmerzen und beeinflussen nicht nur den K\u00f6rper sondern auch die Psyche (Emotionen, die Pers\u00f6nlichkeit\u2026), das soziale Leben mit beruflichem Umfeld, Freunden [&hellip;]<\/p>\n","protected":false},"author":1,"featured_media":0,"parent":0,"menu_order":0,"comment_status":"closed","ping_status":"closed","template":"page-templates\/homepage.php","meta":{"footnotes":""},"class_list":["post-44","page","type-page","status-publish","hentry"],"_links":{"self":[{"href":"https:\/\/no-pain.at\/index.php?rest_route=\/wp\/v2\/pages\/44","targetHints":{"allow":["GET"]}}],"collection":[{"href":"https:\/\/no-pain.at\/index.php?rest_route=\/wp\/v2\/pages"}],"about":[{"href":"https:\/\/no-pain.at\/index.php?rest_route=\/wp\/v2\/types\/page"}],"author":[{"embeddable":true,"href":"https:\/\/no-pain.at\/index.php?rest_route=\/wp\/v2\/users\/1"}],"replies":[{"embeddable":true,"href":"https:\/\/no-pain.at\/index.php?rest_route=%2Fwp%2Fv2%2Fcomments&post=44"}],"version-history":[{"count":20,"href":"https:\/\/no-pain.at\/index.php?rest_route=\/wp\/v2\/pages\/44\/revisions"}],"predecessor-version":[{"id":2336,"href":"https:\/\/no-pain.at\/index.php?rest_route=\/wp\/v2\/pages\/44\/revisions\/2336"}],"wp:attachment":[{"href":"https:\/\/no-pain.at\/index.php?rest_route=%2Fwp%2Fv2%2Fmedia&parent=44"}],"curies":[{"name":"wp","href":"https:\/\/api.w.org\/{rel}","templated":true}]}}